{"id":128,"date":"2024-05-24T09:29:40","date_gmt":"2024-05-24T09:29:40","guid":{"rendered":"https:\/\/rock.wiedicke.com\/?page_id=128"},"modified":"2024-06-23T13:31:03","modified_gmt":"2024-06-23T13:31:03","slug":"128-2","status":"publish","type":"page","link":"https:\/\/rock.wiedicke.com\/?page_id=128","title":{"rendered":""},"content":{"rendered":"\n<div style=\"height:50px\" aria-hidden=\"true\" class=\"wp-block-spacer\"><\/div>\n\n\n\n<h2 class=\"wp-block-heading has-text-align-center has-text-color has-link-color wp-elements-1f1d401faa18cb74b3e8717363a7c851\" style=\"color:#a53646\"><strong>GETR\u00c4NKE<\/strong><\/h2>\n\n\n\n<hr class=\"wp-block-separator has-alpha-channel-opacity is-style-wide\"\/>\n\n\n\n<div class=\"wp-block-group is-layout-constrained wp-block-group-is-layout-constrained\"><div class=\"wp-block-group__inner-container\">\n<p class=\"has-text-align-center has-text-color has-link-color wp-elements-0f642495299cfdcdf82685115ff8129a\" style=\"color:#a53646\"><strong>Qualit\u00e4tsweine aus eigenem Anbau<\/strong><\/p>\n\n\n\n<div style=\"height:15px\" aria-hidden=\"true\" class=\"wp-block-spacer\"><\/div>\n\n\n\n<div class=\"wp-block-columns are-vertically-aligned-top is-layout-flex wp-container-core-columns-layout-1 wp-block-columns-is-layout-flex\">\n<div class=\"wp-block-column is-vertically-aligned-top is-layout-flow wp-block-column-is-layout-flow\">\n<p><strong>Trollinger<\/strong><\/p>\n<\/div>\n\n\n\n<div class=\"wp-block-column is-vertically-aligned-top is-layout-flow wp-block-column-is-layout-flow\">\n<p><strong>1,0l <\/strong>&#8211; 14,50\u20ac<br><strong>0,25l<\/strong> &#8211; 4,00\u20ac<\/p>\n<\/div>\n\n\n\n<div class=\"wp-block-column is-vertically-aligned-top is-layout-flow wp-block-column-is-layout-flow\">\n<p><strong>Riesling &#8220;trocken&#8221;<\/strong><\/p>\n<\/div>\n\n\n\n<div class=\"wp-block-column is-vertically-aligned-top is-layout-flow wp-block-column-is-layout-flow\">\n<p><strong>1,0l <\/strong>&#8211; 14,50\u20ac<br><strong>0,25l <\/strong>&#8211; 4,00\u20ac<\/p>\n<\/div>\n<\/div>\n\n\n\n<div class=\"wp-block-columns is-layout-flex wp-container-core-columns-layout-2 wp-block-columns-is-layout-flex\">\n<div class=\"wp-block-column is-layout-flow wp-block-column-is-layout-flow\">\n<p><strong>Ros\u00e9<\/strong><br><\/p>\n<\/div>\n\n\n\n<div class=\"wp-block-column is-layout-flow wp-block-column-is-layout-flow\">\n<p><strong>1,0l <\/strong>&#8211; 14,50\u20ac<br><strong>0,25l <\/strong>&#8211; 4,00\u20ac<\/p>\n<\/div>\n\n\n\n<div class=\"wp-block-column is-layout-flow wp-block-column-is-layout-flow\">\n<p><strong>Lemberger trocken &#8220;Holzfass&#8221;<\/strong><\/p>\n<\/div>\n\n\n\n<div class=\"wp-block-column is-layout-flow wp-block-column-is-layout-flow\">\n<p><strong>0,75l<\/strong> &#8211; 13,00\u20ac<br><strong>0,25l<\/strong> &#8211; 4,50\u20ac<\/p>\n<\/div>\n<\/div>\n\n\n\n<div class=\"wp-block-columns is-layout-flex wp-container-core-columns-layout-3 wp-block-columns-is-layout-flex\">\n<div class=\"wp-block-column is-layout-flow wp-block-column-is-layout-flow\">\n<p><strong>Weinschorle<\/strong><\/p>\n<\/div>\n\n\n\n<div class=\"wp-block-column is-layout-flow wp-block-column-is-layout-flow\">\n<p><strong>0,25l<\/strong> &#8211; 3,00\u20ac<\/p>\n<\/div>\n\n\n\n<div class=\"wp-block-column is-layout-flow wp-block-column-is-layout-flow\">\n<p><strong>Besa Hex<\/strong><\/p>\n<\/div>\n\n\n\n<div class=\"wp-block-column is-layout-flow wp-block-column-is-layout-flow\">\n<p><strong>0,25l<\/strong> &#8211; 4,50\u20ac<\/p>\n<\/div>\n<\/div>\n\n\n\n<div style=\"height:15px\" aria-hidden=\"true\" class=\"wp-block-spacer\"><\/div>\n<\/div><\/div>\n\n\n\n<div class=\"wp-block-group is-layout-constrained wp-block-group-is-layout-constrained\"><div class=\"wp-block-group__inner-container\">\n<p class=\"has-text-align-center has-text-color has-link-color wp-elements-c679c29e64710d6e35fa322b01de1e0f\" style=\"color:#a53646\"><strong>Qualit\u00e4tsbr\u00e4nde aus eigenem Anbau<\/strong><\/p>\n\n\n\n<div style=\"height:15px\" aria-hidden=\"true\" class=\"wp-block-spacer\"><\/div>\n\n\n\n<div class=\"wp-block-columns is-layout-flex wp-container-core-columns-layout-4 wp-block-columns-is-layout-flex\">\n<div class=\"wp-block-column is-layout-flow wp-block-column-is-layout-flow\">\n<p><strong><strong>verschiedene Obstbr\u00e4nde<\/strong><\/strong><\/p>\n<\/div>\n\n\n\n<div class=\"wp-block-column is-layout-flow wp-block-column-is-layout-flow\">\n<p><strong>2cl <\/strong>&#8211; 2,00\u20ac<\/p>\n<\/div>\n\n\n\n<div class=\"wp-block-column is-layout-flow wp-block-column-is-layout-flow\">\n<p><strong><strong>Gin Tonic<\/strong><br><\/strong><\/p>\n<\/div>\n\n\n\n<div class=\"wp-block-column is-layout-flow wp-block-column-is-layout-flow\">\n<p><strong>0,2l<\/strong> &#8211; 4,00\u20ac<\/p>\n<\/div>\n<\/div>\n\n\n\n<div style=\"height:15px\" aria-hidden=\"true\" class=\"wp-block-spacer\"><\/div>\n<\/div><\/div>\n\n\n\n<div class=\"wp-block-group is-layout-constrained wp-block-group-is-layout-constrained\"><div class=\"wp-block-group__inner-container\">\n<p class=\"has-text-align-center has-text-color has-link-color wp-elements-ba0a51f816cada7f9ad0d48eef4f2683\" style=\"color:#a53646\"><strong>Alkoholfreie Getr\u00e4nke<\/strong><\/p>\n\n\n\n<div class=\"wp-block-columns is-layout-flex wp-container-core-columns-layout-5 wp-block-columns-is-layout-flex\">\n<div class=\"wp-block-column is-layout-flow wp-block-column-is-layout-flow\">\n<p><strong><strong><strong>Mineralwasser<\/strong><\/strong><\/strong><\/p>\n<\/div>\n\n\n\n<div class=\"wp-block-column is-layout-flow wp-block-column-is-layout-flow\">\n<p><strong>0,5l <\/strong>&#8211; 2,50\u20ac<\/p>\n<\/div>\n\n\n\n<div class=\"wp-block-column is-layout-flow wp-block-column-is-layout-flow\">\n<p><strong><strong><strong>Saftschorle<\/strong><\/strong><\/strong><\/p>\n<\/div>\n\n\n\n<div class=\"wp-block-column is-layout-flow wp-block-column-is-layout-flow\">\n<p><strong>0,5l<\/strong> &#8211; 3,00\u20ac<\/p>\n<\/div>\n<\/div>\n\n\n\n<div class=\"wp-block-columns is-layout-flex wp-container-core-columns-layout-6 wp-block-columns-is-layout-flex\">\n<div class=\"wp-block-column is-layout-flow wp-block-column-is-layout-flow\">\n<p><strong><strong><strong>A H\u00e4fele Kaffee<\/strong><\/strong><\/strong><\/p>\n<\/div>\n\n\n\n<div class=\"wp-block-column is-layout-flow wp-block-column-is-layout-flow\">\n<p>2,50\u20ac<\/p>\n<\/div>\n\n\n\n<div class=\"wp-block-column is-layout-flow wp-block-column-is-layout-flow\">\n<p><\/p>\n<\/div>\n\n\n\n<div class=\"wp-block-column is-layout-flow wp-block-column-is-layout-flow\">\n<p><\/p>\n<\/div>\n<\/div>\n\n\n\n<div style=\"height:50px\" aria-hidden=\"true\" class=\"wp-block-spacer\"><\/div>\n<\/div><\/div>\n\n\n\n<div style=\"height:50px\" aria-hidden=\"true\" class=\"wp-block-spacer\"><\/div>\n\n\n\n<div class=\"wp-block-columns is-layout-flex wp-container-core-columns-layout-7 wp-block-columns-is-layout-flex\">\n<div class=\"wp-block-column is-layout-flow wp-block-column-is-layout-flow\"><\/div>\n\n\n\n<div class=\"wp-block-column is-layout-flow wp-block-column-is-layout-flow\">\n<figure class=\"wp-block-image size-large\"><img loading=\"lazy\" decoding=\"async\" width=\"1024\" height=\"688\" src=\"http:\/\/rock.wiedicke.com\/wp-content\/uploads\/2024\/03\/Original-on-Transparent-1024x688.png\" alt=\"\" class=\"wp-image-81\" srcset=\"https:\/\/rock.wiedicke.com\/wp-content\/uploads\/2024\/03\/Original-on-Transparent-1024x688.png 1024w, https:\/\/rock.wiedicke.com\/wp-content\/uploads\/2024\/03\/Original-on-Transparent-300x202.png 300w, https:\/\/rock.wiedicke.com\/wp-content\/uploads\/2024\/03\/Original-on-Transparent-768x516.png 768w, https:\/\/rock.wiedicke.com\/wp-content\/uploads\/2024\/03\/Original-on-Transparent-1536x1032.png 1536w, https:\/\/rock.wiedicke.com\/wp-content\/uploads\/2024\/03\/Original-on-Transparent-2048x1376.png 2048w, https:\/\/rock.wiedicke.com\/wp-content\/uploads\/2024\/03\/Original-on-Transparent-1568x1054.png 1568w\" sizes=\"(max-width: 1024px) 100vw, 1024px\" \/><\/figure>\n<\/div>\n\n\n\n<div class=\"wp-block-column is-layout-flow wp-block-column-is-layout-flow\"><\/div>\n<\/div>\n\n\n\n<div style=\"height:50px\" aria-hidden=\"true\" class=\"wp-block-spacer\"><\/div>\n","protected":false},"excerpt":{"rendered":"<p>GETR\u00c4NKE Qualit\u00e4tsweine aus eigenem Anbau Trollinger 1,0l &#8211; 14,50\u20ac0,25l &#8211; 4,00\u20ac Riesling &#8220;trocken&#8221; 1,0l &#8211; 14,50\u20ac0,25l &#8211; 4,00\u20ac Ros\u00e9 1,0l &#8211; 14,50\u20ac0,25l &#8211; 4,00\u20ac Lemberger trocken &#8220;Holzfass&#8221; 0,75l &#8211; 13,00\u20ac0,25l &#8211; 4,50\u20ac Weinschorle 0,25l &#8211; 3,00\u20ac Besa Hex 0,25l &#8211; 4,50\u20ac Qualit\u00e4tsbr\u00e4nde aus eigenem Anbau verschiedene Obstbr\u00e4nde 2cl &#8211; 2,00\u20ac Gin Tonic 0,2l &#8211; 4,00\u20ac<a class=\"more-link\" href=\"https:\/\/rock.wiedicke.com\/?page_id=128\">Continue reading <\/a><\/p>\n","protected":false},"author":1,"featured_media":0,"parent":0,"menu_order":0,"comment_status":"closed","ping_status":"closed","template":"","meta":{"footnotes":""},"_links":{"self":[{"href":"https:\/\/rock.wiedicke.com\/index.php?rest_route=\/wp\/v2\/pages\/128"}],"collection":[{"href":"https:\/\/rock.wiedicke.com\/index.php?rest_route=\/wp\/v2\/pages"}],"about":[{"href":"https:\/\/rock.wiedicke.com\/index.php?rest_route=\/wp\/v2\/types\/page"}],"author":[{"embeddable":true,"href":"https:\/\/rock.wiedicke.com\/index.php?rest_route=\/wp\/v2\/users\/1"}],"replies":[{"embeddable":true,"href":"https:\/\/rock.wiedicke.com\/index.php?rest_route=%2Fwp%2Fv2%2Fcomments&post=128"}],"version-history":[{"count":11,"href":"https:\/\/rock.wiedicke.com\/index.php?rest_route=\/wp\/v2\/pages\/128\/revisions"}],"predecessor-version":[{"id":321,"href":"https:\/\/rock.wiedicke.com\/index.php?rest_route=\/wp\/v2\/pages\/128\/revisions\/321"}],"wp:attachment":[{"href":"https:\/\/rock.wiedicke.com\/index.php?rest_route=%2Fwp%2Fv2%2Fmedia&parent=128"}],"curies":[{"name":"wp","href":"https:\/\/api.w.org\/{rel}","templated":true}]}}