{"id":34,"date":"2024-01-18T21:10:26","date_gmt":"2024-01-18T21:10:26","guid":{"rendered":"http:\/\/rock.wiedicke.com\/?page_id=34"},"modified":"2025-02-05T18:48:41","modified_gmt":"2025-02-05T18:48:41","slug":"34-2","status":"publish","type":"page","link":"https:\/\/rock.wiedicke.com\/?page_id=34","title":{"rendered":""},"content":{"rendered":"\n<div style=\"height:50px\" aria-hidden=\"true\" class=\"wp-block-spacer\"><\/div>\n\n\n\n<h2 class=\"wp-block-heading has-text-align-center has-text-color has-link-color wp-elements-703581956acaa2d30ba3634cc0e8be4c\" style=\"color:#a53646\"><strong>TERMINE<\/strong><\/h2>\n\n\n\n<hr class=\"wp-block-separator has-alpha-channel-opacity is-style-wide\"\/>\n\n\n\n<p class=\"has-text-color has-link-color wp-elements-c9de5054d69ca7be8011c0576893b2ac\" style=\"color:#a53646\"><strong>Die neuen Termine f\u00fcr 2025 sind online!<\/strong><\/p>\n\n\n\n<figure class=\"wp-block-table is-style-stripes\"><table><tbody><tr><td><strong>FR\u00dcHJAHRS-BESEN<\/strong><\/td><td>Sonntag, <strong>09. M\u00e4rz <\/strong>bis<br>Samstag <strong>15. M\u00e4rz<\/strong><\/td><td>T\u00e4glich ab 11:30 Uhr<\/td><\/tr><tr><td><strong>OSTER-BESEN<\/strong><\/td><td>Sonntag, <strong>06. April<\/strong> bis<br>Samstag <strong>12. April<\/strong><\/td><td>T\u00e4glich ab 11:30 Uhr<\/td><\/tr><tr><td><strong>VORSOMMER-BESEN<\/strong><\/td><td>Sonntag, <strong>11. Mai<\/strong> bis<br>Samstag <strong>17. Mai<\/strong><\/td><td>T\u00e4glich ab 11:30 Uhr<\/td><\/tr><tr><td><strong>ZIEGLER&#8217;S HOFFEST<\/strong><\/td><td>Sonntag, <strong>13. Juli<\/strong> bis<br>Samstag <strong>19. Juli<\/strong><\/td><td>T\u00e4glich ab 16:00 Uhr<br>Sonntag ab 11:30 Uhr<\/td><\/tr><tr><td><strong>HERBST-BESEN<\/strong><\/td><td>Sonntag, <strong>02. November<\/strong> bis<br>Samstag <strong>08. November<\/strong><\/td><td>T\u00e4glich ab 11:30 Uhr<\/td><\/tr><tr><td><strong>NIKOLAUS-BESEN<\/strong><\/td><td>Sonntag, <strong>23. November<\/strong> bis<br>Samstag <strong>29. November<\/strong><\/td><td>T\u00e4glich ab 11:30 Uhr<\/td><\/tr><\/tbody><\/table><figcaption class=\"wp-element-caption\">TERMINE 2025<\/figcaption><\/figure>\n\n\n\n<div style=\"height:50px\" aria-hidden=\"true\" class=\"wp-block-spacer\"><\/div>\n\n\n\n<h2 class=\"wp-block-heading has-text-align-center has-text-color has-link-color wp-elements-12b7edef1f7f24ccfa6be2ea4d08a714\" style=\"color:#a53646\"><strong>RESERVIERUNGEN<\/strong><\/h2>\n\n\n\n<hr class=\"wp-block-separator has-alpha-channel-opacity is-style-wide\"\/>\n\n\n\n<p><strong>Das, was eine Besenwirtschaft ausmacht ist Geselligkeit, Gem\u00fctlichkeit, Gemeinsamkeit.<\/strong><\/p>\n\n\n\n<p>Wir wollen diese Atmosph\u00e4re und die Besenkultur weiterleben lassen, aber auch der ein oder anderen gr\u00f6\u00dferen Gruppe einen Platz sichern, daher werden wir Euch auch weiterhin \u2013 in etwas anderer Form \u2013 die M\u00f6glichkeit auf Reservierungen unter folgenden Vorraussetzungen bieten:<\/p>\n\n\n\n<ul>\n<li style=\"font-style:normal;font-weight:400\">nur noch ein kleiner Teil unserer Besenwirtschaft wird reserviert<\/li>\n\n\n\n<li style=\"font-style:normal;font-weight:400\">Reservierungen sind erst ab 5 Personen m\u00f6glich<\/li>\n\n\n\n<li style=\"font-style:normal;font-weight:400\">Reservierungen k\u00f6nnen nur noch bis 17:30 Uhr angenommen werden<\/li>\n\n\n\n<li style=\"font-style:normal;font-weight:400\">Pl\u00e4tze, die nach 15 min. nicht besetzt sind, werden wieder freigegeben<\/li>\n\n\n\n<li style=\"font-style:normal;font-weight:400\">Es werden keine Tische reserviert, nur Sitzpl\u00e4tze<\/li>\n<\/ul>\n\n\n\n<p>Wir bedanken uns f\u00fcr Ihr Verst\u00e4ndnis, geben uns weiterhin alle M\u00fche jeden bei uns bewirten zu k\u00f6nnen und freuen uns auf eine grandiose Besensaison 2025!<\/p>\n\n\n\n<p class=\"has-text-align-right\"><strong>Zieglers Hofbesen mit Team<\/strong><\/p>\n\n\n\n<div style=\"height:50px\" aria-hidden=\"true\" class=\"wp-block-spacer\"><\/div>\n\n\n\n<hr class=\"wp-block-separator has-alpha-channel-opacity is-style-wide\"\/>\n\n\n\n<div class=\"wp-block-columns is-layout-flex wp-container-core-columns-layout-1 wp-block-columns-is-layout-flex\">\n<div class=\"wp-block-column is-layout-flow wp-block-column-is-layout-flow\">\n<p><strong>Anschrift<\/strong><br>Luise-Benger-Stra\u00dfe 40<br>70329 Stuttgart Uhlbach<\/p>\n<\/div>\n\n\n\n<div class=\"wp-block-column is-layout-flow wp-block-column-is-layout-flow\">\n<p><strong>Kontakt<\/strong><br>Tel.: +49 (0) 711 32 29 54<br>Mail: weinbau.ziegler@t-online.de<\/p>\n<\/div>\n<\/div>\n\n\n\n<div style=\"height:100px\" aria-hidden=\"true\" class=\"wp-block-spacer\"><\/div>\n","protected":false},"excerpt":{"rendered":"<p>TERMINE Die neuen Termine f\u00fcr 2025 sind online! FR\u00dcHJAHRS-BESEN Sonntag, 09. M\u00e4rz bisSamstag 15. M\u00e4rz T\u00e4glich ab 11:30 Uhr OSTER-BESEN Sonntag, 06. April bisSamstag 12. April T\u00e4glich ab 11:30 Uhr VORSOMMER-BESEN Sonntag, 11. Mai bisSamstag 17. Mai T\u00e4glich ab 11:30 Uhr ZIEGLER&#8217;S HOFFEST Sonntag, 13. Juli bisSamstag 19. Juli T\u00e4glich ab 16:00 UhrSonntag ab 11:30<a class=\"more-link\" href=\"https:\/\/rock.wiedicke.com\/?page_id=34\">Continue reading <\/a><\/p>\n","protected":false},"author":1,"featured_media":0,"parent":0,"menu_order":0,"comment_status":"closed","ping_status":"closed","template":"","meta":{"footnotes":""},"_links":{"self":[{"href":"https:\/\/rock.wiedicke.com\/index.php?rest_route=\/wp\/v2\/pages\/34"}],"collection":[{"href":"https:\/\/rock.wiedicke.com\/index.php?rest_route=\/wp\/v2\/pages"}],"about":[{"href":"https:\/\/rock.wiedicke.com\/index.php?rest_route=\/wp\/v2\/types\/page"}],"author":[{"embeddable":true,"href":"https:\/\/rock.wiedicke.com\/index.php?rest_route=\/wp\/v2\/users\/1"}],"replies":[{"embeddable":true,"href":"https:\/\/rock.wiedicke.com\/index.php?rest_route=%2Fwp%2Fv2%2Fcomments&post=34"}],"version-history":[{"count":11,"href":"https:\/\/rock.wiedicke.com\/index.php?rest_route=\/wp\/v2\/pages\/34\/revisions"}],"predecessor-version":[{"id":394,"href":"https:\/\/rock.wiedicke.com\/index.php?rest_route=\/wp\/v2\/pages\/34\/revisions\/394"}],"wp:attachment":[{"href":"https:\/\/rock.wiedicke.com\/index.php?rest_route=%2Fwp%2Fv2%2Fmedia&parent=34"}],"curies":[{"name":"wp","href":"https:\/\/api.w.org\/{rel}","templated":true}]}}